{"id":3848,"date":"2024-03-13T10:00:52","date_gmt":"2024-03-13T09:00:52","guid":{"rendered":"https:\/\/eica.cat\/avis-legal\/"},"modified":"2024-03-13T10:06:08","modified_gmt":"2024-03-13T09:06:08","slug":"aviso-legal-2","status":"publish","type":"page","link":"https:\/\/eica.cat\/es\/aviso-legal-2\/","title":{"rendered":"Aviso legal"},"content":{"rendered":"\n<p>El titular del sitio web alojado en la URL www. eica.cat (el \u00abweb\u00bb) es ESCUELA DE IDIOMAS ESCUELA DE IDIOMAS EICASA SASA SA cuyos datos de identificaci\u00f3n son los siguientes:<\/p>\n\n\n\n<p>C. EMILI GRAHIT 73, ENTRESOL, 17003 GIRONA<\/p>\n\n\n\n<p>A08908386<\/p>\n\n\n\n<p>Tel\u00e9fono: (+34) 972 219339<\/p>\n\n\n\n<p><strong>Acceso a la Web<\/strong><\/p>\n\n\n\n<p>El Aviso Legal regula el acceso a la web y su utilizaci\u00f3n por parte de sus usuarios.<\/p>\n\n\n\n<p>El acceso a la web y su utilizaci\u00f3n conlleva la aceptaci\u00f3n del Aviso Legal, as\u00ed como del resto de pol\u00edticas que, en su caso, se puedan prever en la web.<\/p>\n\n\n\n<p>Por lo tanto, rogamos al usuario que lea atentamente el Aviso Legal cuando se proponga utilizar la web, ya que puede modificarse en cualquier momento. Si no acepta el Aviso Legal, le rogamos que se abstenga de utilizar la web.<\/p>\n\n\n\n<p><strong>Utilizaci\u00f3n y funcionamiento de la web<\/strong><\/p>\n\n\n\n<p>El usuario se compromete a hacer un uso diligente de la web, as\u00ed como de la informaci\u00f3n que se incluye, con total sujeci\u00f3n a la normativa aplicable, al Aviso Legal y, en su caso, al resto de t\u00e9rminos y condiciones que se incluyan en la web.<\/p>\n\n\n\n<p>Igualmente, el usuario se compromete a no realizar ning\u00fan acto con objeto de da\u00f1ar, inutilizar o sobrecargar la web, o que impida, de cualquier forma, la normal utilizaci\u00f3n y funcionamiento del mismo.<\/p>\n\n\n\n<p>Se informa al usuario que, en el supuesto de que incumpla el Aviso Legal o, en su caso, el resto de pol\u00edticas de la web, Escuela de Idiomas Eicasa SA se reserva el derecho de limitar, suspender y terminar su acceso a la web, adoptando cualquier medida t\u00e9cnica que sea necesaria.<\/p>\n\n\n\n<p>Escuela de Idiomas Eicasa SA hace sus mejores esfuerzos para mantener la web en buen funcionamiento, evitando errores o, en su caso, repar\u00e1ndolos y manteniendo los contenidos de la web debidamente actualizados. No obstante, Escuela de Idiomas Eicasa SA no garantiza la disponibilidad y continuidad en el acceso a la web ni la inexistencia de errores en sus contenidos, as\u00ed como tampoco que estos \u00faltimos sean oportunamente actualizados.<\/p>\n\n\n\n<p><strong>Responsabilidad<\/strong><\/p>\n\n\n\n<p>Tanto el acceso a la web como el uso que pueda hacerse de cualquier informaci\u00f3n que contenga se realizan bajo la responsabilidad exclusiva del usuario.<\/p>\n\n\n\n<p>Escuela de Idiomas Eicasa SA no se responsabiliza de ning\u00fan da\u00f1o o perjuicio que se pueda derivar, directa o indirectamente, del acceso o uso de la informaci\u00f3n contenida en la web, incluyendo los producidos en los sistemas inform\u00e1ticos o los provocados por la introducci\u00f3n de virus o ataques inform\u00e1ticos. Tampoco ser\u00e1 responsable de los da\u00f1os que puedan sufrir los usuarios por un uso inadecuado de la web ni de las ca\u00eddas, interrupciones, ausencia o defecto en las comunicaciones y\/o Internet.<\/p>\n\n\n\n<p>Adicionalmente, Escuela de Idiomas Eicasa SA no se hace responsable de ning\u00fan da\u00f1o o perjuicio en el software o hardware del usuario que se derive del acceso o uso de la web.<\/p>\n\n\n\n<p>El usuario responder\u00e1 de los da\u00f1os y perjuicios que Escuela de Idiomas Eicasa SA pueda sufrir como consecuencia del incumplimiento de cualquiera de las obligaciones a que quede sometido en virtud del Aviso Legal, de la legislaci\u00f3n aplicable y\/o del resto de pol\u00edticas.<\/p>\n\n\n\n<p><strong>Pol\u00edtica en materia de enlaces (links)<\/strong><\/p>\n\n\n\n<p>a) Enlaces con la web<\/p>\n\n\n\n<p>Quien tenga intenci\u00f3n de incluir en un sitio web (\u00abweb Enlazando\u00bb) un enlace que dirija a la web de Escuela de Idiomas Eicasa SA, deber\u00e1 solicitarlo a Escuela de Idiomas Eicasa SA y cumplir con la legislaci\u00f3n vigente; en ning\u00fan caso, podr\u00e1 alojar contenidos, propios o de terceros, que: (i) sean il\u00edcitos, nocivos, violentos, racistas, denigrantes, etc.; y\/o (ii) resulten inapropiados o no pertinentes en relaci\u00f3n con Escuela de Idiomas Eicasa SA.<\/p>\n\n\n\n<p>El enlace no implica que Escuela de Idiomas Eicasa SA avale, promocione, garantice, supervise o recomiende el contenido o los servicios de la web Enlazando, ni que sea responsable de su contenido. En el supuesto de incumplimiento de cualquiera de los t\u00e9rminos referidos anteriormente, Escuela de Idiomas Eicasa SA proceder\u00e1, de forma inmediata, a la revocaci\u00f3n del consentimiento otorgado en la web Enlazante, que deber\u00e1 suprimir el enlace.<\/p>\n\n\n\n<p>b) Enlaces con otras webs<\/p>\n\n\n\n<p>En la web se pueden incluir diferentes enlaces que permitan al usuario acceder a otras webs (\u00abwebs enlazadas\u00bb).<\/p>\n\n\n\n<p>En ning\u00fan caso, la existencia de webs enlazadas conlleva recomendaci\u00f3n, promoci\u00f3n, identificaci\u00f3n o conformidad de Escuela de Idiomas Eicasa SA con las manifestaciones, contenidos o servicios proporcionados por medio de las webs enlazadas. En consecuencia, Escuela de Idiomas Eicasa SA no se hace responsable del contenido, ni de los t\u00e9rminos y condiciones de las webs enlazadas; el usuario es el \u00fanico responsable de comprobarlos y aceptarlos cada vez que acceda y los utilice.<\/p>\n\n\n\n<p><strong>Propiedad Industrial e Intelectual<\/strong><\/p>\n\n\n\n<p>Todos los derechos de propiedad intelectual sobre los dise\u00f1os, bases de datos, programas de ordenador subyacentes (incluidos los c\u00f3digos fuente), los diferentes elementos que integran la web (textos, gr\u00e1ficos, fotograf\u00edas, v\u00eddeos, grabaciones sonoras, combinaciones de colores, etc.) [los \u00abContenidos\u00bb], as\u00ed como su estructura, selecci\u00f3n y orden, son titularidad de Escuela de Idiomas Eicasa SA o de sus licenciantes. Los signos distintivos incluidos en la web (marcas y nombres comerciales) son titularidad de Escuela de Idiomas Eicasa SA o de sus licenciantes.<\/p>\n\n\n\n<p>El uso de la web por parte del usuario no supone la cesi\u00f3n de ning\u00fan derecho de propiedad intelectual y\/o industrial sobre la web y los contenidos.<\/p>\n\n\n\n<p>En este sentido, queda expresamente prohibido al usuario la reproducci\u00f3n, transformaci\u00f3n, distribuci\u00f3n, comunicaci\u00f3n p\u00fablica, puesta a disposici\u00f3n, extracci\u00f3n o cualquier otra forma de difusi\u00f3n no autorizadas expresamente de la web, sus contenidos o los signos distintivos de Escuela de Idiomas Eicasa SA.<\/p>\n\n\n\n<p>La utilizaci\u00f3n no autorizada de los contenidos, as\u00ed como los perjuicios ocasionados en los derechos de propiedad intelectual e industrial de Escuela de Idiomas Eicasa SA, podr\u00e1n dar lugar al ejercicio de las acciones que legalmente le correspondan, y a las responsabilidades que, en su caso, se deriven.<\/p>\n\n\n\n<p><strong>Protecci\u00f3n de datos<\/strong><\/p>\n\n\n\n<p>Los aspectos relativos al tratamiento de los datos personales de los usuarios de la web se regulan en la Pol\u00edtica de Privacidad de la web.<\/p>\n\n\n\n<p><strong>Nulidad<\/strong><\/p>\n\n\n\n<p>Si cualquiera de las cl\u00e1usulas del Aviso Legal es declarada, total o parcialmente, nula o ineficaz, tal nulidad o ineficacia afectar\u00e1 s\u00f3lo a esta disposici\u00f3n o a la parte de la misma que resulte nula o ineficaz. A estos efectos, el Aviso Legal s\u00f3lo dejar\u00e1 de tener validez exclusivamente respecto de la disposici\u00f3n nula o ineficaz, y ninguna otra parte o disposici\u00f3n quedar\u00e1 anulada, invalidada, perjudicada o afectada por esta nulidad o ineficacia, salvo que por resultar esencial debiera afectar al Aviso Legal de forma integral.<\/p>\n\n\n\n<p>Jurisdicci\u00f3n En el supuesto de que surja cualquier conflicto o discrepancia en la interpretaci\u00f3n o aplicaci\u00f3n del Aviso Legal, los Juzgados y Tribunales que, en su caso, conocer\u00e1n el asunto ser\u00e1n los que prevea la normativa legal aplicable.<\/p>\n","protected":false},"excerpt":{"rendered":"<p>El titular del sitio web alojado en la URL www. eica.cat (el \u00abweb\u00bb) es ESCUELA DE IDIOMAS ESCUELA DE IDIOMAS EICASA SASA SA cuyos datos de identificaci\u00f3n son los siguientes: C. EMILI GRAHIT 73, ENTRESOL, 17003 GIRONA A08908386 Tel\u00e9fono: (+34) 972 219339 Acceso a la Web El Aviso Legal regula el acceso a la web [&hellip;]<\/p>\n","protected":false},"author":1,"featured_media":0,"parent":0,"menu_order":0,"comment_status":"closed","ping_status":"closed","template":"","meta":{"_monsterinsights_skip_tracking":false,"_monsterinsights_sitenote_active":false,"_monsterinsights_sitenote_note":"","_monsterinsights_sitenote_category":0,"_uf_show_specific_survey":0,"_uf_disable_surveys":false,"site-sidebar-layout":"default","site-content-layout":"","ast-site-content-layout":"default","site-content-style":"default","site-sidebar-style":"default","ast-global-header-display":"","ast-banner-title-visibility":"","ast-main-header-display":"","ast-hfb-above-header-display":"","ast-hfb-below-header-display":"","ast-hfb-mobile-header-display":"","site-post-title":"","ast-breadcrumbs-content":"","ast-featured-img":"","footer-sml-layout":"","ast-disable-related-posts":"","theme-transparent-header-meta":"disabled","adv-header-id-meta":"","stick-header-meta":"","header-above-stick-meta":"","header-main-stick-meta":"","header-below-stick-meta":"","astra-migrate-meta-layouts":"set","ast-page-background-enabled":"default","ast-page-background-meta":{"desktop":{"background-color":"","background-image":"","background-repeat":"repeat","background-position":"center center","background-size":"auto","background-attachment":"scroll","background-type":"","background-media":"","overlay-type":"","overlay-color":"","overlay-opacity":"","overlay-gradient":""},"tablet":{"background-color":"","background-image":"","background-repeat":"repeat","background-position":"center center","background-size":"auto","background-attachment":"scroll","background-type":"","background-media":"","overlay-type":"","overlay-color":"","overlay-opacity":"","overlay-gradient":""},"mobile":{"background-color":"","background-image":"","background-repeat":"repeat","background-position":"center center","background-size":"auto","background-attachment":"scroll","background-type":"","background-media":"","overlay-type":"","overlay-color":"","overlay-opacity":"","overlay-gradient":""}},"ast-content-background-meta":{"desktop":{"background-color":"var(--ast-global-color-5)","background-image":"","background-repeat":"repeat","background-position":"center center","background-size":"auto","background-attachment":"scroll","background-type":"","background-media":"","overlay-type":"","overlay-color":"","overlay-opacity":"","overlay-gradient":""},"tablet":{"background-color":"var(--ast-global-color-5)","background-image":"","background-repeat":"repeat","background-position":"center center","background-size":"auto","background-attachment":"scroll","background-type":"","background-media":"","overlay-type":"","overlay-color":"","overlay-opacity":"","overlay-gradient":""},"mobile":{"background-color":"var(--ast-global-color-5)","background-image":"","background-repeat":"repeat","background-position":"center center","background-size":"auto","background-attachment":"scroll","background-type":"","background-media":"","overlay-type":"","overlay-color":"","overlay-opacity":"","overlay-gradient":""}},"footnotes":""},"class_list":["post-3848","page","type-page","status-publish","hentry"],"aioseo_notices":[],"_links":{"self":[{"href":"https:\/\/eica.cat\/es\/wp-json\/wp\/v2\/pages\/3848","targetHints":{"allow":["GET"]}}],"collection":[{"href":"https:\/\/eica.cat\/es\/wp-json\/wp\/v2\/pages"}],"about":[{"href":"https:\/\/eica.cat\/es\/wp-json\/wp\/v2\/types\/page"}],"author":[{"embeddable":true,"href":"https:\/\/eica.cat\/es\/wp-json\/wp\/v2\/users\/1"}],"replies":[{"embeddable":true,"href":"https:\/\/eica.cat\/es\/wp-json\/wp\/v2\/comments?post=3848"}],"version-history":[{"count":1,"href":"https:\/\/eica.cat\/es\/wp-json\/wp\/v2\/pages\/3848\/revisions"}],"predecessor-version":[{"id":3850,"href":"https:\/\/eica.cat\/es\/wp-json\/wp\/v2\/pages\/3848\/revisions\/3850"}],"wp:attachment":[{"href":"https:\/\/eica.cat\/es\/wp-json\/wp\/v2\/media?parent=3848"}],"curies":[{"name":"wp","href":"https:\/\/api.w.org\/{rel}","templated":true}]}}